{"id":263,"date":"2025-08-05T11:27:53","date_gmt":"2025-08-05T09:27:53","guid":{"rendered":"https:\/\/vipax.marketsoul.cz\/uvodni-stranka\/"},"modified":"2025-10-16T16:25:49","modified_gmt":"2025-10-16T14:25:49","slug":"homepage","status":"publish","type":"page","link":"https:\/\/vipax.marketsoul.cz\/en\/","title":{"rendered":"Homepage"},"content":{"rendered":"","protected":false},"excerpt":{"rendered":"","protected":false},"author":1,"featured_media":172,"parent":0,"menu_order":3,"comment_status":"closed","ping_status":"closed","template":"","meta":{"_acf_changed":false,"footnotes":""},"class_list":["post-263","page","type-page","status-publish","has-post-thumbnail","hentry"],"acf":[],"yoast_head":"<!-- This site is optimized with the Yoast SEO plugin v26.3 - https:\/\/yoast.com\/wordpress\/plugins\/seo\/ -->\n<title>Where ordinary doors aren\u2019t enough, Vipax steps in. - Vipax<\/title>\n<meta name=\"description\" content=\"Fire-resistant, soundproof, pressure-resistant, security, and multi-resistant doors. Choose the category that best fits your requirements.\" \/>\n<meta name=\"robots\" content=\"noindex, follow, max-snippet:-1, max-image-preview:large, max-video-preview:-1\" \/>\n<meta property=\"og:locale\" content=\"en_US\" \/>\n<meta property=\"og:type\" content=\"article\" \/>\n<meta property=\"og:title\" content=\"Where ordinary doors aren\u2019t enough, Vipax steps in. - Vipax\" \/>\n<meta property=\"og:description\" content=\"Fire-resistant, soundproof, pressure-resistant, security, and multi-resistant doors. Choose the category that best fits your requirements.\" \/>\n<meta property=\"og:url\" content=\"https:\/\/vipax.marketsoul.cz\/en\/\" \/>\n<meta property=\"og:site_name\" content=\"Vipax\" \/>\n<meta property=\"article:modified_time\" content=\"2025-10-16T14:25:49+00:00\" \/>\n<meta property=\"og:image\" content=\"https:\/\/vipax.marketsoul.cz\/wp-content\/uploads\/2025\/08\/main_products.jpg\" \/>\n\t<meta property=\"og:image:width\" content=\"1600\" \/>\n\t<meta property=\"og:image:height\" content=\"1065\" \/>\n\t<meta property=\"og:image:type\" content=\"image\/jpeg\" \/>\n<meta name=\"twitter:card\" content=\"summary_large_image\" \/>\n<meta name=\"twitter:label1\" content=\"Est. reading time\" \/>\n\t<meta name=\"twitter:data1\" content=\"1 minute\" \/>\n<script type=\"application\/ld+json\" class=\"yoast-schema-graph\">{\"@context\":\"https:\/\/schema.org\",\"@graph\":[{\"@type\":\"WebPage\",\"@id\":\"https:\/\/vipax.marketsoul.cz\/en\/\",\"url\":\"https:\/\/vipax.marketsoul.cz\/en\/\",\"name\":\"Where ordinary doors aren\u2019t enough, Vipax steps in. - Vipax\",\"isPartOf\":{\"@id\":\"https:\/\/vipax.marketsoul.cz\/en\/#website\"},\"primaryImageOfPage\":{\"@id\":\"https:\/\/vipax.marketsoul.cz\/en\/#primaryimage\"},\"image\":{\"@id\":\"https:\/\/vipax.marketsoul.cz\/en\/#primaryimage\"},\"thumbnailUrl\":\"https:\/\/vipax.marketsoul.cz\/wp-content\/uploads\/2025\/08\/main_products.jpg\",\"datePublished\":\"2025-08-05T09:27:53+00:00\",\"dateModified\":\"2025-10-16T14:25:49+00:00\",\"description\":\"Fire-resistant, soundproof, pressure-resistant, security, and multi-resistant doors. Choose the category that best fits your requirements.\",\"breadcrumb\":{\"@id\":\"https:\/\/vipax.marketsoul.cz\/en\/#breadcrumb\"},\"inLanguage\":\"en-US\",\"potentialAction\":[{\"@type\":\"ReadAction\",\"target\":[\"https:\/\/vipax.marketsoul.cz\/en\/\"]}]},{\"@type\":\"ImageObject\",\"inLanguage\":\"en-US\",\"@id\":\"https:\/\/vipax.marketsoul.cz\/en\/#primaryimage\",\"url\":\"https:\/\/vipax.marketsoul.cz\/wp-content\/uploads\/2025\/08\/main_products.jpg\",\"contentUrl\":\"https:\/\/vipax.marketsoul.cz\/wp-content\/uploads\/2025\/08\/main_products.jpg\",\"width\":1600,\"height\":1065},{\"@type\":\"BreadcrumbList\",\"@id\":\"https:\/\/vipax.marketsoul.cz\/en\/#breadcrumb\",\"itemListElement\":[{\"@type\":\"ListItem\",\"position\":1,\"name\":\"Dom\u016f\",\"item\":\"https:\/\/vipax.marketsoul.cz\/en\/\"},{\"@type\":\"ListItem\",\"position\":2,\"name\":\"Homepage\"}]},{\"@type\":\"WebSite\",\"@id\":\"https:\/\/vipax.marketsoul.cz\/en\/#website\",\"url\":\"https:\/\/vipax.marketsoul.cz\/en\/\",\"name\":\"Vipax\",\"description\":\"Ocelov\u00e9 dve\u0159e pro pr\u016fmysl a speci\u00e1ln\u00ed provozy.\",\"publisher\":{\"@id\":\"https:\/\/vipax.marketsoul.cz\/en\/#organization\"},\"potentialAction\":[{\"@type\":\"SearchAction\",\"target\":{\"@type\":\"EntryPoint\",\"urlTemplate\":\"https:\/\/vipax.marketsoul.cz\/en\/?s={search_term_string}\"},\"query-input\":{\"@type\":\"PropertyValueSpecification\",\"valueRequired\":true,\"valueName\":\"search_term_string\"}}],\"inLanguage\":\"en-US\"},{\"@type\":\"Organization\",\"@id\":\"https:\/\/vipax.marketsoul.cz\/en\/#organization\",\"name\":\"Vipax\",\"url\":\"https:\/\/vipax.marketsoul.cz\/en\/\",\"logo\":{\"@type\":\"ImageObject\",\"inLanguage\":\"en-US\",\"@id\":\"https:\/\/vipax.marketsoul.cz\/en\/#\/schema\/logo\/image\/\",\"url\":\"https:\/\/vipax.marketsoul.cz\/wp-content\/uploads\/2025\/08\/logo.svg\",\"contentUrl\":\"https:\/\/vipax.marketsoul.cz\/wp-content\/uploads\/2025\/08\/logo.svg\",\"caption\":\"Vipax\"},\"image\":{\"@id\":\"https:\/\/vipax.marketsoul.cz\/en\/#\/schema\/logo\/image\/\"}}]}<\/script>\n<!-- \/ Yoast SEO plugin. -->","yoast_head_json":{"title":"Where ordinary doors aren\u2019t enough, Vipax steps in. - Vipax","description":"Fire-resistant, soundproof, pressure-resistant, security, and multi-resistant doors. Choose the category that best fits your requirements.","robots":{"index":"noindex","follow":"follow","max-snippet":"max-snippet:-1","max-image-preview":"max-image-preview:large","max-video-preview":"max-video-preview:-1"},"og_locale":"en_US","og_type":"article","og_title":"Where ordinary doors aren\u2019t enough, Vipax steps in. - Vipax","og_description":"Fire-resistant, soundproof, pressure-resistant, security, and multi-resistant doors. Choose the category that best fits your requirements.","og_url":"https:\/\/vipax.marketsoul.cz\/en\/","og_site_name":"Vipax","article_modified_time":"2025-10-16T14:25:49+00:00","og_image":[{"width":1600,"height":1065,"url":"https:\/\/vipax.marketsoul.cz\/wp-content\/uploads\/2025\/08\/main_products.jpg","type":"image\/jpeg"}],"twitter_card":"summary_large_image","twitter_misc":{"Est. reading time":"1 minute"},"schema":{"@context":"https:\/\/schema.org","@graph":[{"@type":"WebPage","@id":"https:\/\/vipax.marketsoul.cz\/en\/","url":"https:\/\/vipax.marketsoul.cz\/en\/","name":"Where ordinary doors aren\u2019t enough, Vipax steps in. - Vipax","isPartOf":{"@id":"https:\/\/vipax.marketsoul.cz\/en\/#website"},"primaryImageOfPage":{"@id":"https:\/\/vipax.marketsoul.cz\/en\/#primaryimage"},"image":{"@id":"https:\/\/vipax.marketsoul.cz\/en\/#primaryimage"},"thumbnailUrl":"https:\/\/vipax.marketsoul.cz\/wp-content\/uploads\/2025\/08\/main_products.jpg","datePublished":"2025-08-05T09:27:53+00:00","dateModified":"2025-10-16T14:25:49+00:00","description":"Fire-resistant, soundproof, pressure-resistant, security, and multi-resistant doors. Choose the category that best fits your requirements.","breadcrumb":{"@id":"https:\/\/vipax.marketsoul.cz\/en\/#breadcrumb"},"inLanguage":"en-US","potentialAction":[{"@type":"ReadAction","target":["https:\/\/vipax.marketsoul.cz\/en\/"]}]},{"@type":"ImageObject","inLanguage":"en-US","@id":"https:\/\/vipax.marketsoul.cz\/en\/#primaryimage","url":"https:\/\/vipax.marketsoul.cz\/wp-content\/uploads\/2025\/08\/main_products.jpg","contentUrl":"https:\/\/vipax.marketsoul.cz\/wp-content\/uploads\/2025\/08\/main_products.jpg","width":1600,"height":1065},{"@type":"BreadcrumbList","@id":"https:\/\/vipax.marketsoul.cz\/en\/#breadcrumb","itemListElement":[{"@type":"ListItem","position":1,"name":"Dom\u016f","item":"https:\/\/vipax.marketsoul.cz\/en\/"},{"@type":"ListItem","position":2,"name":"Homepage"}]},{"@type":"WebSite","@id":"https:\/\/vipax.marketsoul.cz\/en\/#website","url":"https:\/\/vipax.marketsoul.cz\/en\/","name":"Vipax","description":"Ocelov\u00e9 dve\u0159e pro pr\u016fmysl a speci\u00e1ln\u00ed provozy.","publisher":{"@id":"https:\/\/vipax.marketsoul.cz\/en\/#organization"},"potentialAction":[{"@type":"SearchAction","target":{"@type":"EntryPoint","urlTemplate":"https:\/\/vipax.marketsoul.cz\/en\/?s={search_term_string}"},"query-input":{"@type":"PropertyValueSpecification","valueRequired":true,"valueName":"search_term_string"}}],"inLanguage":"en-US"},{"@type":"Organization","@id":"https:\/\/vipax.marketsoul.cz\/en\/#organization","name":"Vipax","url":"https:\/\/vipax.marketsoul.cz\/en\/","logo":{"@type":"ImageObject","inLanguage":"en-US","@id":"https:\/\/vipax.marketsoul.cz\/en\/#\/schema\/logo\/image\/","url":"https:\/\/vipax.marketsoul.cz\/wp-content\/uploads\/2025\/08\/logo.svg","contentUrl":"https:\/\/vipax.marketsoul.cz\/wp-content\/uploads\/2025\/08\/logo.svg","caption":"Vipax"},"image":{"@id":"https:\/\/vipax.marketsoul.cz\/en\/#\/schema\/logo\/image\/"}}]}},"_links":{"self":[{"href":"https:\/\/vipax.marketsoul.cz\/en\/wp-json\/wp\/v2\/pages\/263","targetHints":{"allow":["GET"]}}],"collection":[{"href":"https:\/\/vipax.marketsoul.cz\/en\/wp-json\/wp\/v2\/pages"}],"about":[{"href":"https:\/\/vipax.marketsoul.cz\/en\/wp-json\/wp\/v2\/types\/page"}],"author":[{"embeddable":true,"href":"https:\/\/vipax.marketsoul.cz\/en\/wp-json\/wp\/v2\/users\/1"}],"replies":[{"embeddable":true,"href":"https:\/\/vipax.marketsoul.cz\/en\/wp-json\/wp\/v2\/comments?post=263"}],"version-history":[{"count":8,"href":"https:\/\/vipax.marketsoul.cz\/en\/wp-json\/wp\/v2\/pages\/263\/revisions"}],"predecessor-version":[{"id":442,"href":"https:\/\/vipax.marketsoul.cz\/en\/wp-json\/wp\/v2\/pages\/263\/revisions\/442"}],"wp:featuredmedia":[{"embeddable":true,"href":"https:\/\/vipax.marketsoul.cz\/en\/wp-json\/wp\/v2\/media\/172"}],"wp:attachment":[{"href":"https:\/\/vipax.marketsoul.cz\/en\/wp-json\/wp\/v2\/media?parent=263"}],"curies":[{"name":"wp","href":"https:\/\/api.w.org\/{rel}","templated":true}]}}