{"id":488,"date":"2025-10-03T14:31:46","date_gmt":"2025-10-03T12:31:46","guid":{"rendered":"https:\/\/vipax.marketsoul.cz\/product\/frd-iii\/"},"modified":"2025-10-10T14:48:35","modified_gmt":"2025-10-10T12:48:35","slug":"frd-iii","status":"publish","type":"product","link":"https:\/\/vipax.marketsoul.cz\/en\/product\/frd-iii\/","title":{"rendered":"FRD III"},"content":{"rendered":"<p>\u0158e\u0161en\u00edm jsou na\u0161e dve\u0159e FRD III s pl\u00e1\u0161t\u011bm z pozinkovan\u00e9ho plechu a polyuretanov\u00fdm n\u00e1st\u0159ikem. Dve\u0159e spl\u0148uj\u00ed n\u00e1ro\u010dn\u00e9 po\u017eadavky po\u017e\u00e1rn\u00edch\u2028norem v\u010detn\u011b kou\u0159et\u011bsnosti a d\u00edky samonosn\u00e9mu r\u00e1mu dve\u0159n\u00edho k\u0159\u00eddla nab\u00edzej\u00ed zv\u00fd\u0161enou stabilitu a del\u0161\u00ed \u017eivotnost. Dve\u0159e maj\u00ed polodr\u00e1\u017ekovou konstrukci. Vn\u011bj\u0161\u00ed pl\u00e1\u0161\u0165 je vyroben z plechu o tlou\u0161\u0165ce 0,8 mm, tlou\u0161\u0165ka dve\u0159n\u00edho k\u0159\u00eddla je 40 mm.<\/p>\n","protected":false},"featured_media":210,"parent":0,"menu_order":1,"template":"","meta":{"_acf_changed":false},"product_atex":[91],"ballistic_resistance":[72],"cyclic_durability":[73],"product_category":[63,67],"smoke_tightness":[75],"fire_resistance":[],"environment":[],"product_transmittance":[],"security_class":[],"product_usage":[79,78],"product_variant":[58,59],"class_list":["post-488","product","type-product","status-publish","has-post-thumbnail","hentry","product_atex-zona-0-2","cyclic_durability-c5","product_category-steel-door","product_category-fire-resistance-door","smoke_tightness-no","product_usage-industry","product_usage-public-commercial-buildings","product_variant-double-door","product_variant-one-door"],"acf":[],"yoast_head":"<!-- This site is optimized with the Yoast SEO plugin v26.3 - https:\/\/yoast.com\/wordpress\/plugins\/seo\/ -->\n<title>FRD III - Vipax<\/title>\n<meta name=\"robots\" content=\"noindex, follow, max-snippet:-1, max-image-preview:large, max-video-preview:-1\" \/>\n<meta property=\"og:locale\" content=\"en_US\" \/>\n<meta property=\"og:type\" content=\"article\" \/>\n<meta property=\"og:title\" content=\"FRD III - Vipax\" \/>\n<meta property=\"og:description\" content=\"\u0158e\u0161en\u00edm jsou na\u0161e dve\u0159e FRD III s pl\u00e1\u0161t\u011bm z pozinkovan\u00e9ho plechu a polyuretanov\u00fdm n\u00e1st\u0159ikem. Dve\u0159e spl\u0148uj\u00ed n\u00e1ro\u010dn\u00e9 po\u017eadavky po\u017e\u00e1rn\u00edch\u2028norem v\u010detn\u011b [&hellip;]\" \/>\n<meta property=\"og:url\" content=\"https:\/\/vipax.marketsoul.cz\/en\/product\/frd-iii\/\" \/>\n<meta property=\"og:site_name\" content=\"Vipax\" \/>\n<meta property=\"article:modified_time\" content=\"2025-10-10T12:48:35+00:00\" \/>\n<meta property=\"og:image\" content=\"https:\/\/vipax.marketsoul.cz\/wp-content\/uploads\/2025\/10\/002_FRD_III_2200x2400_RAL9004_View_02_FHD.jpg\" \/>\n\t<meta property=\"og:image:width\" content=\"1080\" \/>\n\t<meta property=\"og:image:height\" content=\"1920\" \/>\n\t<meta property=\"og:image:type\" content=\"image\/jpeg\" \/>\n<meta name=\"twitter:card\" content=\"summary_large_image\" \/>\n<meta name=\"twitter:label1\" content=\"Est. reading time\" \/>\n\t<meta name=\"twitter:data1\" content=\"1 minute\" \/>\n<script type=\"application\/ld+json\" class=\"yoast-schema-graph\">{\"@context\":\"https:\/\/schema.org\",\"@graph\":[{\"@type\":\"WebPage\",\"@id\":\"https:\/\/vipax.marketsoul.cz\/en\/product\/frd-iii\/\",\"url\":\"https:\/\/vipax.marketsoul.cz\/en\/product\/frd-iii\/\",\"name\":\"FRD III - Vipax\",\"isPartOf\":{\"@id\":\"https:\/\/vipax.marketsoul.cz\/en\/#website\"},\"primaryImageOfPage\":{\"@id\":\"https:\/\/vipax.marketsoul.cz\/en\/product\/frd-iii\/#primaryimage\"},\"image\":{\"@id\":\"https:\/\/vipax.marketsoul.cz\/en\/product\/frd-iii\/#primaryimage\"},\"thumbnailUrl\":\"https:\/\/vipax.marketsoul.cz\/wp-content\/uploads\/2025\/10\/002_FRD_III_2200x2400_RAL9004_View_02_FHD.jpg\",\"datePublished\":\"2025-10-03T12:31:46+00:00\",\"dateModified\":\"2025-10-10T12:48:35+00:00\",\"breadcrumb\":{\"@id\":\"https:\/\/vipax.marketsoul.cz\/en\/product\/frd-iii\/#breadcrumb\"},\"inLanguage\":\"en-US\",\"potentialAction\":[{\"@type\":\"ReadAction\",\"target\":[\"https:\/\/vipax.marketsoul.cz\/en\/product\/frd-iii\/\"]}]},{\"@type\":\"ImageObject\",\"inLanguage\":\"en-US\",\"@id\":\"https:\/\/vipax.marketsoul.cz\/en\/product\/frd-iii\/#primaryimage\",\"url\":\"https:\/\/vipax.marketsoul.cz\/wp-content\/uploads\/2025\/10\/002_FRD_III_2200x2400_RAL9004_View_02_FHD.jpg\",\"contentUrl\":\"https:\/\/vipax.marketsoul.cz\/wp-content\/uploads\/2025\/10\/002_FRD_III_2200x2400_RAL9004_View_02_FHD.jpg\",\"width\":1080,\"height\":1920},{\"@type\":\"BreadcrumbList\",\"@id\":\"https:\/\/vipax.marketsoul.cz\/en\/product\/frd-iii\/#breadcrumb\",\"itemListElement\":[{\"@type\":\"ListItem\",\"position\":1,\"name\":\"Dom\u016f\",\"item\":\"https:\/\/vipax.marketsoul.cz\/en\/\"},{\"@type\":\"ListItem\",\"position\":2,\"name\":\"FRD III\"}]},{\"@type\":\"WebSite\",\"@id\":\"https:\/\/vipax.marketsoul.cz\/en\/#website\",\"url\":\"https:\/\/vipax.marketsoul.cz\/en\/\",\"name\":\"Vipax\",\"description\":\"Ocelov\u00e9 dve\u0159e pro pr\u016fmysl a speci\u00e1ln\u00ed provozy.\",\"publisher\":{\"@id\":\"https:\/\/vipax.marketsoul.cz\/en\/#organization\"},\"potentialAction\":[{\"@type\":\"SearchAction\",\"target\":{\"@type\":\"EntryPoint\",\"urlTemplate\":\"https:\/\/vipax.marketsoul.cz\/en\/?s={search_term_string}\"},\"query-input\":{\"@type\":\"PropertyValueSpecification\",\"valueRequired\":true,\"valueName\":\"search_term_string\"}}],\"inLanguage\":\"en-US\"},{\"@type\":\"Organization\",\"@id\":\"https:\/\/vipax.marketsoul.cz\/en\/#organization\",\"name\":\"Vipax\",\"url\":\"https:\/\/vipax.marketsoul.cz\/en\/\",\"logo\":{\"@type\":\"ImageObject\",\"inLanguage\":\"en-US\",\"@id\":\"https:\/\/vipax.marketsoul.cz\/en\/#\/schema\/logo\/image\/\",\"url\":\"https:\/\/vipax.marketsoul.cz\/wp-content\/uploads\/2025\/08\/logo.svg\",\"contentUrl\":\"https:\/\/vipax.marketsoul.cz\/wp-content\/uploads\/2025\/08\/logo.svg\",\"caption\":\"Vipax\"},\"image\":{\"@id\":\"https:\/\/vipax.marketsoul.cz\/en\/#\/schema\/logo\/image\/\"}}]}<\/script>\n<!-- \/ Yoast SEO plugin. -->","yoast_head_json":{"title":"FRD III - Vipax","robots":{"index":"noindex","follow":"follow","max-snippet":"max-snippet:-1","max-image-preview":"max-image-preview:large","max-video-preview":"max-video-preview:-1"},"og_locale":"en_US","og_type":"article","og_title":"FRD III - Vipax","og_description":"\u0158e\u0161en\u00edm jsou na\u0161e dve\u0159e FRD III s pl\u00e1\u0161t\u011bm z pozinkovan\u00e9ho plechu a polyuretanov\u00fdm n\u00e1st\u0159ikem. Dve\u0159e spl\u0148uj\u00ed n\u00e1ro\u010dn\u00e9 po\u017eadavky po\u017e\u00e1rn\u00edch\u2028norem v\u010detn\u011b [&hellip;]","og_url":"https:\/\/vipax.marketsoul.cz\/en\/product\/frd-iii\/","og_site_name":"Vipax","article_modified_time":"2025-10-10T12:48:35+00:00","og_image":[{"width":1080,"height":1920,"url":"https:\/\/vipax.marketsoul.cz\/wp-content\/uploads\/2025\/10\/002_FRD_III_2200x2400_RAL9004_View_02_FHD.jpg","type":"image\/jpeg"}],"twitter_card":"summary_large_image","twitter_misc":{"Est. reading time":"1 minute"},"schema":{"@context":"https:\/\/schema.org","@graph":[{"@type":"WebPage","@id":"https:\/\/vipax.marketsoul.cz\/en\/product\/frd-iii\/","url":"https:\/\/vipax.marketsoul.cz\/en\/product\/frd-iii\/","name":"FRD III - Vipax","isPartOf":{"@id":"https:\/\/vipax.marketsoul.cz\/en\/#website"},"primaryImageOfPage":{"@id":"https:\/\/vipax.marketsoul.cz\/en\/product\/frd-iii\/#primaryimage"},"image":{"@id":"https:\/\/vipax.marketsoul.cz\/en\/product\/frd-iii\/#primaryimage"},"thumbnailUrl":"https:\/\/vipax.marketsoul.cz\/wp-content\/uploads\/2025\/10\/002_FRD_III_2200x2400_RAL9004_View_02_FHD.jpg","datePublished":"2025-10-03T12:31:46+00:00","dateModified":"2025-10-10T12:48:35+00:00","breadcrumb":{"@id":"https:\/\/vipax.marketsoul.cz\/en\/product\/frd-iii\/#breadcrumb"},"inLanguage":"en-US","potentialAction":[{"@type":"ReadAction","target":["https:\/\/vipax.marketsoul.cz\/en\/product\/frd-iii\/"]}]},{"@type":"ImageObject","inLanguage":"en-US","@id":"https:\/\/vipax.marketsoul.cz\/en\/product\/frd-iii\/#primaryimage","url":"https:\/\/vipax.marketsoul.cz\/wp-content\/uploads\/2025\/10\/002_FRD_III_2200x2400_RAL9004_View_02_FHD.jpg","contentUrl":"https:\/\/vipax.marketsoul.cz\/wp-content\/uploads\/2025\/10\/002_FRD_III_2200x2400_RAL9004_View_02_FHD.jpg","width":1080,"height":1920},{"@type":"BreadcrumbList","@id":"https:\/\/vipax.marketsoul.cz\/en\/product\/frd-iii\/#breadcrumb","itemListElement":[{"@type":"ListItem","position":1,"name":"Dom\u016f","item":"https:\/\/vipax.marketsoul.cz\/en\/"},{"@type":"ListItem","position":2,"name":"FRD III"}]},{"@type":"WebSite","@id":"https:\/\/vipax.marketsoul.cz\/en\/#website","url":"https:\/\/vipax.marketsoul.cz\/en\/","name":"Vipax","description":"Ocelov\u00e9 dve\u0159e pro pr\u016fmysl a speci\u00e1ln\u00ed provozy.","publisher":{"@id":"https:\/\/vipax.marketsoul.cz\/en\/#organization"},"potentialAction":[{"@type":"SearchAction","target":{"@type":"EntryPoint","urlTemplate":"https:\/\/vipax.marketsoul.cz\/en\/?s={search_term_string}"},"query-input":{"@type":"PropertyValueSpecification","valueRequired":true,"valueName":"search_term_string"}}],"inLanguage":"en-US"},{"@type":"Organization","@id":"https:\/\/vipax.marketsoul.cz\/en\/#organization","name":"Vipax","url":"https:\/\/vipax.marketsoul.cz\/en\/","logo":{"@type":"ImageObject","inLanguage":"en-US","@id":"https:\/\/vipax.marketsoul.cz\/en\/#\/schema\/logo\/image\/","url":"https:\/\/vipax.marketsoul.cz\/wp-content\/uploads\/2025\/08\/logo.svg","contentUrl":"https:\/\/vipax.marketsoul.cz\/wp-content\/uploads\/2025\/08\/logo.svg","caption":"Vipax"},"image":{"@id":"https:\/\/vipax.marketsoul.cz\/en\/#\/schema\/logo\/image\/"}}]}},"_links":{"self":[{"href":"https:\/\/vipax.marketsoul.cz\/en\/wp-json\/wp\/v2\/product\/488","targetHints":{"allow":["GET"]}}],"collection":[{"href":"https:\/\/vipax.marketsoul.cz\/en\/wp-json\/wp\/v2\/product"}],"about":[{"href":"https:\/\/vipax.marketsoul.cz\/en\/wp-json\/wp\/v2\/types\/product"}],"wp:featuredmedia":[{"embeddable":true,"href":"https:\/\/vipax.marketsoul.cz\/en\/wp-json\/wp\/v2\/media\/210"}],"wp:attachment":[{"href":"https:\/\/vipax.marketsoul.cz\/en\/wp-json\/wp\/v2\/media?parent=488"}],"wp:term":[{"taxonomy":"product_atex","embeddable":true,"href":"https:\/\/vipax.marketsoul.cz\/en\/wp-json\/wp\/v2\/product_atex?post=488"},{"taxonomy":"ballistic_resistance","embeddable":true,"href":"https:\/\/vipax.marketsoul.cz\/en\/wp-json\/wp\/v2\/ballistic_resistance?post=488"},{"taxonomy":"cyclic_durability","embeddable":true,"href":"https:\/\/vipax.marketsoul.cz\/en\/wp-json\/wp\/v2\/cyclic_durability?post=488"},{"taxonomy":"product_category","embeddable":true,"href":"https:\/\/vipax.marketsoul.cz\/en\/wp-json\/wp\/v2\/product_category?post=488"},{"taxonomy":"smoke_tightness","embeddable":true,"href":"https:\/\/vipax.marketsoul.cz\/en\/wp-json\/wp\/v2\/smoke_tightness?post=488"},{"taxonomy":"fire_resistance","embeddable":true,"href":"https:\/\/vipax.marketsoul.cz\/en\/wp-json\/wp\/v2\/fire_resistance?post=488"},{"taxonomy":"environment","embeddable":true,"href":"https:\/\/vipax.marketsoul.cz\/en\/wp-json\/wp\/v2\/environment?post=488"},{"taxonomy":"product_transmittance","embeddable":true,"href":"https:\/\/vipax.marketsoul.cz\/en\/wp-json\/wp\/v2\/product_transmittance?post=488"},{"taxonomy":"security_class","embeddable":true,"href":"https:\/\/vipax.marketsoul.cz\/en\/wp-json\/wp\/v2\/security_class?post=488"},{"taxonomy":"product_usage","embeddable":true,"href":"https:\/\/vipax.marketsoul.cz\/en\/wp-json\/wp\/v2\/product_usage?post=488"},{"taxonomy":"product_variant","embeddable":true,"href":"https:\/\/vipax.marketsoul.cz\/en\/wp-json\/wp\/v2\/product_variant?post=488"}],"curies":[{"name":"wp","href":"https:\/\/api.w.org\/{rel}","templated":true}]}}